{"id":1681,"date":"2020-07-23T11:21:13","date_gmt":"2020-07-23T11:21:13","guid":{"rendered":"https:\/\/iasca.ro\/despre-noi\/"},"modified":"2021-05-28T12:08:07","modified_gmt":"2021-05-28T12:08:07","slug":"about-us","status":"publish","type":"page","link":"https:\/\/iasca.ro\/en\/about-us\/","title":{"rendered":"About us"},"content":{"rendered":"\t\t<div data-elementor-type=\"wp-page\" data-elementor-id=\"1681\" class=\"elementor elementor-1681\" data-elementor-settings=\"[]\">\n\t\t\t\t\t\t<div class=\"elementor-inner\">\n\t\t\t\t\t\t\t<div class=\"elementor-section-wrap\">\n\t\t\t\t\t\t\t<section class=\"elementor-section elementor-top-section elementor-element elementor-element-664a217 elementor-section-stretched elementor-section-boxed elementor-section-height-default elementor-section-height-default\" data-id=\"664a217\" data-element_type=\"section\" data-settings=\"{&quot;stretch_section&quot;:&quot;section-stretched&quot;}\">\n\t\t\t\t\t\t<div class=\"elementor-container elementor-column-gap-no\">\n\t\t\t\t\t\t\t<div class=\"elementor-row\">\n\t\t\t\t\t<div class=\"elementor-column elementor-col-100 elementor-top-column elementor-element elementor-element-06f24d2\" data-id=\"06f24d2\" data-element_type=\"column\">\n\t\t\t<div class=\"elementor-column-wrap elementor-element-populated\">\n\t\t\t\t\t\t\t<div class=\"elementor-widget-wrap\">\n\t\t\t\t\t\t<div class=\"elementor-element elementor-element-dba3e77 elementor-widget elementor-widget-slider_revolution\" data-id=\"dba3e77\" data-element_type=\"widget\" data-widget_type=\"slider_revolution.default\">\n\t\t\t\t<div class=\"elementor-widget-container\">\n\t\t\t\r\n\t\t<div class=\"wp-block-themepunch-revslider\">\t\t\t<rs-module-wrap id=\"rev_slider_error_1_wrapper\">\n\t\t\t\t<rs-module id=\"rev_slider_error_1\">\n\t\t\t\t\t<div class=\"rs_error_message_box\">\n\t\t\t\t\t\t<div class=\"rs_error_message_oops\">Oops...<\/div>\n\t\t\t\t\t\t<div class=\"rs_error_message_content\">Slider with alias slider 21 not found.<\/div>\n\t\t\t\t\t<\/div>\n\t\t\t\t<\/rs-module>\n\t\t\t<\/rs-module-wrap>\n\t\t\t<script type=\"text\/javascript\">\n\t\t\t\tvar rs_eslider = document.getElementById(\"rev_slider_error_1\");\n\t\t\t\trs_eslider.style.display = \"none\";\n\t\t\t\tconsole.log(\"Slider with alias slider 21 not found.\");\n\t\t\t<\/script>\n<\/div>\r\n\r\n\t\t\t\t<\/div>\n\t\t\t\t<\/div>\n\t\t\t\t\t\t<\/div>\n\t\t\t\t\t<\/div>\n\t\t<\/div>\n\t\t\t\t\t\t\t\t<\/div>\n\t\t\t\t\t<\/div>\n\t\t<\/section>\n\t\t\t\t<section class=\"elementor-section elementor-top-section elementor-element elementor-element-d884386 elementor-section-stretched elementor-section-boxed elementor-section-height-default elementor-section-height-default\" data-id=\"d884386\" data-element_type=\"section\" data-settings=\"{&quot;stretch_section&quot;:&quot;section-stretched&quot;,&quot;background_background&quot;:&quot;classic&quot;}\">\n\t\t\t\t\t\t<div class=\"elementor-container elementor-column-gap-no\">\n\t\t\t\t\t\t\t<div class=\"elementor-row\">\n\t\t\t\t\t<div class=\"elementor-column elementor-col-100 elementor-top-column elementor-element elementor-element-6deeab3\" data-id=\"6deeab3\" data-element_type=\"column\">\n\t\t\t<div class=\"elementor-column-wrap elementor-element-populated\">\n\t\t\t\t\t\t\t<div class=\"elementor-widget-wrap\">\n\t\t\t\t\t\t<section class=\"elementor-section elementor-inner-section elementor-element elementor-element-5ea673e elementor-section-content-middle elementor-section-boxed elementor-section-height-default elementor-section-height-default\" data-id=\"5ea673e\" data-element_type=\"section\">\n\t\t\t\t\t\t<div class=\"elementor-container elementor-column-gap-no\">\n\t\t\t\t\t\t\t<div class=\"elementor-row\">\n\t\t\t\t\t<div class=\"elementor-column elementor-col-50 elementor-inner-column elementor-element elementor-element-623f18a\" data-id=\"623f18a\" data-element_type=\"column\">\n\t\t\t<div class=\"elementor-column-wrap elementor-element-populated\">\n\t\t\t\t\t\t\t<div class=\"elementor-widget-wrap\">\n\t\t\t\t\t\t<div class=\"elementor-element elementor-element-33b23fd elementor-widget elementor-widget-image\" data-id=\"33b23fd\" data-element_type=\"widget\" data-widget_type=\"image.default\">\n\t\t\t\t<div class=\"elementor-widget-container\">\n\t\t\t\t\t<div class=\"elementor-image\">\n\t\t\t\t\t\t\t\t\t\t<img loading=\"lazy\" decoding=\"async\" width=\"571\" height=\"431\" src=\"https:\/\/iasca.ro\/wp-content\/uploads\/despre-noi.jpg\" class=\"attachment-full size-full\" alt=\"\" srcset=\"https:\/\/iasca.ro\/wp-content\/uploads\/despre-noi.jpg 571w, https:\/\/iasca.ro\/wp-content\/uploads\/despre-noi-1x1.jpg 1w, https:\/\/iasca.ro\/wp-content\/uploads\/despre-noi-10x8.jpg 10w\" sizes=\"auto, (max-width: 571px) 100vw, 571px\" \/>\t\t\t\t\t\t\t\t\t\t\t<\/div>\n\t\t\t\t<\/div>\n\t\t\t\t<\/div>\n\t\t\t\t\t\t<\/div>\n\t\t\t\t\t<\/div>\n\t\t<\/div>\n\t\t\t\t<div class=\"elementor-column elementor-col-50 elementor-inner-column elementor-element elementor-element-ee2d35a\" data-id=\"ee2d35a\" data-element_type=\"column\" data-settings=\"{&quot;background_background&quot;:&quot;classic&quot;}\">\n\t\t\t<div class=\"elementor-column-wrap elementor-element-populated\">\n\t\t\t\t\t\t\t<div class=\"elementor-widget-wrap\">\n\t\t\t\t\t\t<div class=\"elementor-element elementor-element-8887574 elementor-widget elementor-widget-heading\" data-id=\"8887574\" data-element_type=\"widget\" data-widget_type=\"heading.default\">\n\t\t\t\t<div class=\"elementor-widget-container\">\n\t\t\t<h2 class=\"elementor-heading-title elementor-size-default\">Despre noi<\/h2>\t\t<\/div>\n\t\t\t\t<\/div>\n\t\t\t\t<div class=\"elementor-element elementor-element-aa4b515 elementor-widget elementor-widget-text-editor\" data-id=\"aa4b515\" data-element_type=\"widget\" data-widget_type=\"text-editor.default\">\n\t\t\t\t<div class=\"elementor-widget-container\">\n\t\t\t\t\t<div class=\"elementor-text-editor elementor-clearfix\"><p>Suntem echipa entuziast\u0103 care \u00eencearc\u0103 s\u0103 salveze pentru genera\u021biile<\/p><\/div>\n\t\t\t\t<\/div>\n\t\t\t\t<\/div>\n\t\t\t\t<div class=\"elementor-element elementor-element-85f2dbb elementor-widget elementor-widget-text-editor\" data-id=\"85f2dbb\" data-element_type=\"widget\" data-widget_type=\"text-editor.default\">\n\t\t\t\t<div class=\"elementor-widget-container\">\n\t\t\t\t\t<div class=\"elementor-text-editor elementor-clearfix\"><p>viitoare iubitoare de roci, minerale, \u0219i natur\u0103 \u00een general povestea aragonitelor din arealul Carpatin. Suntem echipa, care din 2010 recl\u0103de\u0219te din cenu\u0219a mo\u0219tenit\u0103 de la comuni\u0219ti povestea unic\u0103 a aragonitelor din Corund, jud Harghita.<\/p><p><strong>Toate piesele sunt finisate de c\u0103tre partenerii no\u0219tri nev\u0103z\u0103tori. Luciul bijuteriilor se na\u0219te \u00een m\u00e2inile harnice ale nev\u0103z\u0103torilor.<\/strong><\/p><\/div>\n\t\t\t\t<\/div>\n\t\t\t\t<\/div>\n\t\t\t\t\t\t<\/div>\n\t\t\t\t\t<\/div>\n\t\t<\/div>\n\t\t\t\t\t\t\t\t<\/div>\n\t\t\t\t\t<\/div>\n\t\t<\/section>\n\t\t\t\t\t\t<\/div>\n\t\t\t\t\t<\/div>\n\t\t<\/div>\n\t\t\t\t\t\t\t\t<\/div>\n\t\t\t\t\t<\/div>\n\t\t<\/section>\n\t\t\t\t<section class=\"elementor-section elementor-top-section elementor-element elementor-element-1ce606e elementor-section-stretched elementor-section-content-middle elementor-section-boxed elementor-section-height-default elementor-section-height-default\" data-id=\"1ce606e\" data-element_type=\"section\" data-settings=\"{&quot;stretch_section&quot;:&quot;section-stretched&quot;,&quot;background_background&quot;:&quot;classic&quot;}\">\n\t\t\t\t\t\t<div class=\"elementor-container elementor-column-gap-no\">\n\t\t\t\t\t\t\t<div class=\"elementor-row\">\n\t\t\t\t\t<div class=\"elementor-column elementor-col-50 elementor-top-column elementor-element elementor-element-1cf3cd1\" data-id=\"1cf3cd1\" data-element_type=\"column\">\n\t\t\t<div class=\"elementor-column-wrap elementor-element-populated\">\n\t\t\t\t\t\t\t<div class=\"elementor-widget-wrap\">\n\t\t\t\t\t\t<div class=\"elementor-element elementor-element-904c30f elementor-widget elementor-widget-text-editor\" data-id=\"904c30f\" data-element_type=\"widget\" data-widget_type=\"text-editor.default\">\n\t\t\t\t<div class=\"elementor-widget-container\">\n\t\t\t\t\t<div class=\"elementor-text-editor elementor-clearfix\"><p>\u2022 am construit prima potec\u0103 de vizitare \u00een rezerva\u021bia Dealul Melcului, fostele cariere de aragonit.<br \/>\u2022 am inaugurat Muzeul de Aragonit \u00een incinta fostei uzine de \u0219lefuit din Corund. <br \/>\u2022 am contribuit la renovarea B\u0103ilor tradi\u021bionale de la poalele Dealului Melcului, care \u00eenb\u0103ie\u0219te cu apa minunat\u0103 ce d\u0103 na\u0219tere aragonitelor.<br \/>\u2022 suntem singurii \u00een \u021bar\u0103 care ofer\u0103 experien\u021ba turistic\u0103 vizitatorilor de a-\u0219i \u0219lefui singuri bijuteria din aragonit.<br \/>\u2022 suntem primii, care \u0219lefuim bijuterii din aragonitele Carpatine.<br \/>\u2022 suntem singurii \u00een Europa, care produc bijuterii ale c\u0103ror luciu este dat de c\u0103tre parteneri nev\u0103z\u0103tori.<\/p><\/div>\n\t\t\t\t<\/div>\n\t\t\t\t<\/div>\n\t\t\t\t\t\t<\/div>\n\t\t\t\t\t<\/div>\n\t\t<\/div>\n\t\t\t\t<div class=\"elementor-column elementor-col-50 elementor-top-column elementor-element elementor-element-56e1c80\" data-id=\"56e1c80\" data-element_type=\"column\">\n\t\t\t<div class=\"elementor-column-wrap elementor-element-populated\">\n\t\t\t\t\t\t\t<div class=\"elementor-widget-wrap\">\n\t\t\t\t\t\t<div class=\"elementor-element elementor-element-983469b elementor-widget elementor-widget-image\" data-id=\"983469b\" data-element_type=\"widget\" data-widget_type=\"image.default\">\n\t\t\t\t<div class=\"elementor-widget-container\">\n\t\t\t\t\t<div class=\"elementor-image\">\n\t\t\t\t\t\t\t\t\t\t<img loading=\"lazy\" decoding=\"async\" width=\"890\" height=\"700\" src=\"https:\/\/iasca.ro\/wp-content\/uploads\/despre-noi-2.jpg\" class=\"attachment-full size-full\" alt=\"\" srcset=\"https:\/\/iasca.ro\/wp-content\/uploads\/despre-noi-2.jpg 890w, https:\/\/iasca.ro\/wp-content\/uploads\/despre-noi-2-768x604.jpg 768w, https:\/\/iasca.ro\/wp-content\/uploads\/despre-noi-2-1x1.jpg 1w, https:\/\/iasca.ro\/wp-content\/uploads\/despre-noi-2-10x8.jpg 10w, https:\/\/iasca.ro\/wp-content\/uploads\/despre-noi-2-600x472.jpg 600w\" sizes=\"auto, (max-width: 890px) 100vw, 890px\" \/>\t\t\t\t\t\t\t\t\t\t\t<\/div>\n\t\t\t\t<\/div>\n\t\t\t\t<\/div>\n\t\t\t\t\t\t<\/div>\n\t\t\t\t\t<\/div>\n\t\t<\/div>\n\t\t\t\t\t\t\t\t<\/div>\n\t\t\t\t\t<\/div>\n\t\t<\/section>\n\t\t\t\t<section class=\"elementor-section elementor-top-section elementor-element elementor-element-aa10162 elementor-section-stretched elementor-section-boxed elementor-section-height-default elementor-section-height-default\" data-id=\"aa10162\" data-element_type=\"section\" data-settings=\"{&quot;stretch_section&quot;:&quot;section-stretched&quot;,&quot;background_background&quot;:&quot;classic&quot;}\">\n\t\t\t\t\t\t<div class=\"elementor-container elementor-column-gap-no\">\n\t\t\t\t\t\t\t<div class=\"elementor-row\">\n\t\t\t\t\t<div class=\"elementor-column elementor-col-100 elementor-top-column elementor-element elementor-element-971617d\" data-id=\"971617d\" data-element_type=\"column\">\n\t\t\t<div class=\"elementor-column-wrap elementor-element-populated\">\n\t\t\t\t\t\t\t<div class=\"elementor-widget-wrap\">\n\t\t\t\t\t\t<div class=\"elementor-element elementor-element-40652de elementor-widget elementor-widget-text-editor\" data-id=\"40652de\" data-element_type=\"widget\" data-widget_type=\"text-editor.default\">\n\t\t\t\t<div class=\"elementor-widget-container\">\n\t\t\t\t\t<div class=\"elementor-text-editor elementor-clearfix\"><p>Nu ne vom limita doar la activit\u0103\u021bile din Corund, ci \u00eencerc\u0103m s\u0103 includem \u00een aceast\u0103 poveste \u00een continu\u0103 dezvoltare \u0219i celelalte iviri de aragonit din arealul Carpatic: Banatul Montan, zona Levice din Slovacia, Bilin din Cehia. D\u00e2nd click pe povestirile din meniu \u0219i blogul nostru ve\u021bi deveni parte a unei pove\u0219ti unice, ce a pornit cu mai mult de un secol \u00een urm\u0103 la Corund.<\/p><\/div>\n\t\t\t\t<\/div>\n\t\t\t\t<\/div>\n\t\t\t\t\t\t<\/div>\n\t\t\t\t\t<\/div>\n\t\t<\/div>\n\t\t\t\t\t\t\t\t<\/div>\n\t\t\t\t\t<\/div>\n\t\t<\/section>\n\t\t\t\t\t\t<\/div>\n\t\t\t\t\t\t<\/div>\n\t\t\t\t\t<\/div>\n\t\t","protected":false},"excerpt":{"rendered":"<p>Despre noi Suntem echipa entuziast\u0103 care \u00eencearc\u0103 s\u0103 salveze pentru genera\u021biile viitoare iubitoare de roci, minerale, \u0219i natur\u0103 \u00een general povestea aragonitelor din arealul Carpatin&#8230;.<\/p>\n","protected":false},"author":1,"featured_media":0,"parent":0,"menu_order":0,"comment_status":"closed","ping_status":"closed","template":"","meta":{"footnotes":""},"class_list":["post-1681","page","type-page","status-publish","hentry"],"yoast_head":"<!-- This site is optimized with the Yoast SEO Premium plugin v15.7 - https:\/\/yoast.com\/wordpress\/plugins\/seo\/ -->\n<title>About us - Jewelry, monoliths, pendants, earrings, aragonite rings<\/title>\n<meta name=\"description\" content=\"jewelry, monoliths, pendants, earrings, sets, rings, aragonite, shop, shop, store, carpathian, aragonite jewelry\" \/>\n<meta name=\"robots\" content=\"index, follow, max-snippet:-1, max-image-preview:large, max-video-preview:-1\" \/>\n<link rel=\"canonical\" href=\"https:\/\/iasca.ro\/en\/about-us\/\" \/>\n<meta property=\"og:locale\" content=\"en_US\" \/>\n<meta property=\"og:type\" content=\"article\" \/>\n<meta property=\"og:title\" content=\"About us - Jewelry, monoliths, pendants, earrings, aragonite rings\" \/>\n<meta property=\"og:description\" content=\"jewelry, monoliths, pendants, earrings, sets, rings, aragonite, shop, shop, store, carpathian, aragonite jewelry\" \/>\n<meta property=\"og:url\" content=\"https:\/\/iasca.ro\/en\/about-us\/\" \/>\n<meta property=\"og:site_name\" content=\"Iasca\" \/>\n<meta property=\"article:publisher\" content=\"https:\/\/www.facebook.com\/aragonite\" \/>\n<meta property=\"article:modified_time\" content=\"2021-05-28T12:08:07+00:00\" \/>\n<meta property=\"og:image\" content=\"https:\/\/aragonite.store\/wp-content\/uploads\/despre-noi.jpg\" \/>\n<meta name=\"twitter:card\" content=\"summary_large_image\" \/>\n<meta name=\"twitter:label1\" content=\"Est. reading time\">\n\t<meta name=\"twitter:data1\" content=\"1 minute\">\n<script type=\"application\/ld+json\" class=\"yoast-schema-graph\">{\"@context\":\"https:\/\/schema.org\",\"@graph\":[{\"@type\":\"Organization\",\"@id\":\"https:\/\/iasca.ro\/#organization\",\"name\":\"Aragonite Store\",\"url\":\"https:\/\/iasca.ro\/\",\"sameAs\":[\"https:\/\/www.facebook.com\/aragonite\",\"https:\/\/www.instagram.com\/carpathianaragonite\/\"],\"logo\":{\"@type\":\"ImageObject\",\"@id\":\"https:\/\/iasca.ro\/#logo\",\"inLanguage\":\"en-US\",\"url\":\"https:\/\/iasca.ro\/wp-content\/uploads\/logo-2.png\",\"width\":247,\"height\":137,\"caption\":\"Aragonite Store\"},\"image\":{\"@id\":\"https:\/\/iasca.ro\/#logo\"}},{\"@type\":\"WebSite\",\"@id\":\"https:\/\/iasca.ro\/#website\",\"url\":\"https:\/\/iasca.ro\/\",\"name\":\"Aragonite Store\",\"description\":\"\",\"publisher\":{\"@id\":\"https:\/\/iasca.ro\/#organization\"},\"potentialAction\":[{\"@type\":\"SearchAction\",\"target\":\"https:\/\/iasca.ro\/?s={search_term_string}\",\"query-input\":\"required name=search_term_string\"}],\"inLanguage\":\"en-US\"},{\"@type\":\"ImageObject\",\"@id\":\"https:\/\/iasca.ro\/en\/about-us\/#primaryimage\",\"inLanguage\":\"en-US\",\"url\":\"https:\/\/iasca.ro\/wp-content\/uploads\/despre-noi.jpg\",\"width\":571,\"height\":431},{\"@type\":\"WebPage\",\"@id\":\"https:\/\/iasca.ro\/en\/about-us\/#webpage\",\"url\":\"https:\/\/iasca.ro\/en\/about-us\/\",\"name\":\"About us - Jewelry, monoliths, pendants, earrings, aragonite rings\",\"isPartOf\":{\"@id\":\"https:\/\/iasca.ro\/#website\"},\"primaryImageOfPage\":{\"@id\":\"https:\/\/iasca.ro\/en\/about-us\/#primaryimage\"},\"datePublished\":\"2020-07-23T11:21:13+00:00\",\"dateModified\":\"2021-05-28T12:08:07+00:00\",\"description\":\"jewelry, monoliths, pendants, earrings, sets, rings, aragonite, shop, shop, store, carpathian, aragonite jewelry\",\"inLanguage\":\"en-US\",\"potentialAction\":[{\"@type\":\"ReadAction\",\"target\":[\"https:\/\/iasca.ro\/en\/about-us\/\"]}]}]}<\/script>\n<!-- \/ Yoast SEO Premium plugin. -->","_links":{"self":[{"href":"https:\/\/iasca.ro\/en\/wp-json\/wp\/v2\/pages\/1681","targetHints":{"allow":["GET"]}}],"collection":[{"href":"https:\/\/iasca.ro\/en\/wp-json\/wp\/v2\/pages"}],"about":[{"href":"https:\/\/iasca.ro\/en\/wp-json\/wp\/v2\/types\/page"}],"author":[{"embeddable":true,"href":"https:\/\/iasca.ro\/en\/wp-json\/wp\/v2\/users\/1"}],"replies":[{"embeddable":true,"href":"https:\/\/iasca.ro\/en\/wp-json\/wp\/v2\/comments?post=1681"}],"version-history":[{"count":1,"href":"https:\/\/iasca.ro\/en\/wp-json\/wp\/v2\/pages\/1681\/revisions"}],"predecessor-version":[{"id":1691,"href":"https:\/\/iasca.ro\/en\/wp-json\/wp\/v2\/pages\/1681\/revisions\/1691"}],"wp:attachment":[{"href":"https:\/\/iasca.ro\/en\/wp-json\/wp\/v2\/media?parent=1681"}],"curies":[{"name":"wp","href":"https:\/\/api.w.org\/{rel}","templated":true}]}}